{"id":2148,"date":"2016-11-03T15:34:32","date_gmt":"2016-11-03T15:34:32","guid":{"rendered":"https:\/\/michael-welker.com\/docs-and-postdocs\/"},"modified":"2017-10-25T13:58:15","modified_gmt":"2017-10-25T13:58:15","slug":"docs-and-postdocs","status":"publish","type":"page","link":"https:\/\/michael-welker.com\/en\/docs-and-postdocs\/","title":{"rendered":"Docs and Postdocs"},"content":{"rendered":"<div class=\"fusion-fullwidth fullwidth-box fusion-builder-row-1 nonhundred-percent-fullwidth non-hundred-percent-height-scrolling\" style=\"--awb-border-radius-top-left:0px;--awb-border-radius-top-right:0px;--awb-border-radius-bottom-right:0px;--awb-border-radius-bottom-left:0px;--awb-flex-wrap:wrap;\" ><div class=\"fusion-builder-row fusion-row\"><div class=\"fusion-layout-column fusion_builder_column fusion-builder-column-0 fusion_builder_column_1_1 1_1 fusion-one-full fusion-column-first fusion-column-last\" style=\"--awb-bg-size:cover;--awb-margin-bottom:0px;\"><div class=\"fusion-column-wrapper fusion-flex-column-wrapper-legacy\"><div class=\"fusion-text fusion-text-1\"><h3 id=\"anker_AbgeschlosseneDissertati\">Completed Dissertations\u00a0(since 1991 in Heidelberg)<\/h3>\n<hr \/>\n<ul>\n<li>Dr. Milenko Andjelic (Serbien): Social Gospel: Niebuhr und Rauschenbusch (1996)<\/li>\n<li>Dr. Christian Berg: Das Werk Ian Barbours (2001)<\/li>\n<li>Dr. Christiane Bindseil: Die Konzeption &#8220;Gl\u00fcck&#8221; in neuerer systematischer Theologie (2011)<\/li>\n<li>Dr. Sergii Bortnyk (Ukraine): Kommunion bei John Zizioulas:\u00a0von der Trinit\u00e4tslehre zur Anthropologie (2013)<\/li>\n<li>Dr. J\u00fcrg Br\u00e4ker (Schweiz): Sch\u00f6pfung, Kirche und Sakrament in der Theologie Alexander Schmemanns (2012)<\/li>\n<li>Dr. Sigrid Brandt: Parsons\u2019 Religionssoziologie im Zusammenhang der Entwicklung seiner Theorie (1992)<\/li>\n<li>Dr. Chun Chul (S\u00fcdkorea): Kreativit\u00e4t und Relativit\u00e4t der Welt beim fr\u00fchen Whitehead. Eine Rekonstruktion von Alfred North Whiteheads fr\u00fcher Naturphilosophie (1915-1922) (2008)<\/li>\n<li>Dr. Claus Clausen: Sch\u00f6pferische Interdependenzen. Neuere sch\u00f6pfungstheologische Denkans\u00e4tze (1997)<\/li>\n<li>Dr. Vasile Cristescu (Rum\u00e4nien): Anthropologie bei Pannenberg und Staniloae (2002)<\/li>\n<li>Dr. Dennis Dietz: Offenbarung des Glaubens. Eine heilsgeschichtlich-hamartiologische Untersuchung der Theologie Dietrich Bonhoeffers (2018)<\/li>\n<li>Dr. Markus Dr\u00f6ge: Die christologische und pneumatologische Begr\u00fcndung ekklesiologischer Grundentscheidungen in der Trilogie J\u00fcrgen Moltmanns (1999)<\/li>\n<li>Dr. Gregor Etzelm\u00fcller: Karl Barths Lehre vom J\u00fcngsten Gericht (2000)<\/li>\n<li>Dr. Antje Fetzer: Tradition im Pluralismus. Alasdair MacIntyres und Karl Barth als Inspiration f\u00fcr christliches Selbstverst\u00e4ndnis in pluralen Gesellschaften (2001)<\/li>\n<li>Dr. Yo Fukushima (Japan): Tod und Leben bei Barth und Takizawa (2007)<\/li>\n<li>Dr. Philip Jonathan Geck: Eschatologie und Wirklichkeit Jesu Christi. Zum Werk von Thomas F. Torrance (2018)<\/li>\n<li>Dr. Eva Harasta (\u00d6sterreich): Der Begriff des Gebets aus den Psalmen und dem Vaterunser entwickelt sowie in Auseinandersetzung mit Johannes Calvin und Karl Barth systematisch-theologisch dargestellt (2004)<\/li>\n<li>Dr. Emmie Ho-Tsui: Karl Rahners Lehre von der S\u00fcnde (2010)<\/li>\n<li>Dr. Markus H\u00f6fner: Die Symbol- und Erfahrungskonzeption Cassirers und Heideggers in theologischer Perspektive (2007)<\/li>\n<li>Dr. Soon Won Hong (S\u00fcdkorea) : Existenzdenken und Geist. Die Entwicklung von Helmut Thielickes Denken in geschichtstheologischer Hinsicht (1999)<\/li>\n<li>Dr. Ying Huang: Von der religi\u00f6sen Gemeinschaft zum Reich Gottes. Das Religionsverst\u00e4ndnis in Bonhoeffers fr\u00fchen Schriften (1924-1935) (2018)<\/li>\n<li>Dr. Tae-Young Kang (S\u00fcdkorea): J\u00fcrgen Moltmanns Pneumatologie und Sch\u00f6pfungslehre (2003)<\/li>\n<li>Dr. Andr\u00e9 Kendel: Geschichte, Antizipation und Auferstehung. Theologische und texttheoretische Untersuchung zu W. Pannenbergs Verst\u00e4ndnis von Wirklichkeit (1998)<\/li>\n<li>Hajo Kenkel: Eberhard J\u00fcngels Theologie der Liebe. Theologie, Anthropologie und Ethik (2023)<\/li>\n<li>Dr. Wolfram Kerner: Gl\u00e4ubigentaufe und S\u00e4uglingstaufe. Studien zur Taufe und gegenseitigen Taufanerkennung in der neueren evangelischen Theologie (2004)<\/li>\n<li>Dr. Jahng Seob Kim (Korea): Karl Barths Lehre von der S\u00fcnde in seinem dogmatischen Fr\u00fch- und Sp\u00e4twerk (2009)<\/li>\n<li>Dr. Jin Jae Kim: Biblisch-theologische Grundlagen der Bundeskonzeption in Barths K.D. (1992)<\/li>\n<li>Dr. Barbara Kohler: Die normativen Grundlagen des State of the World Reports \u2013 herausgearbeitet unter Bezug auf \u00e4quivalente gro\u00dfkirchliche Verlautbarungen in Deutschland und in den USA (1992)<\/li>\n<li>Dr. Billy Kristanto (Indonesien): Gloria Dei in the thought of John Calvin (2011)<\/li>\n<li>Dr. Roland Krusche: Die \u00dcbung des Schweigens in der Mystik. \u00dcberlegungen zur Hermeneutik des Schweigens (1996)<\/li>\n<li>Dr. Stephen Lakkis (Australien): Die Anthropologie Pannenbergs (2007)<\/li>\n<li>Dr. Wolfram Langpape: Die Trinit\u00e4tslehre im \u00f6kumenischen Dialog mit den Ostkirchen &#8211; Die Trinitarischen Theologien E. Schlinks und D. Staniloaes (2012)<\/li>\n<li>Dr. Anja Lebk\u00fccher: Theologie der Natur. W. Pannenbergs Beitrag zum Dialog zwischen Theologie und Naturwissenschaft (2010)<\/li>\n<li>Dr. Chien-Ju Lee (Taiwan): Der Heilige Geist als Vollender. Die Penumatologie Wolfahrt Pannenbergs (2007)<\/li>\n<li>Dr. Jung-Hwan Lee (Korea): Die theologische Ethik bei Karl Barth und Dietrich Bonhoeffer (2011)<\/li>\n<li>Dr. Kangwon Lee (Korea): Zur eschatologischen Zukunft in der Entwicklung von W. Pannenbergs Denken (2018)<\/li>\n<li>Dr. Sang Eun Lee (Korea): Karl Barths Rezeption der Theologie I.\u00a0A. Dorners (2011)<\/li>\n<li>Dr. Ruomin Liu (China): Die Ekklesiologie Dietrich Bonhoeffers (2013)<\/li>\n<li>Dr. Alexander Ma\u00dfmann: Trinit\u00e4t, Gebot und Verantwortung. Eine Analyse der Ethik Karl Barths (2010)<\/li>\n<li>Dr. Lidija Mato\u0161evic (Kroatien): Darstellung und Beurteilung des r\u00f6mischen Katholizismus im Werk Karl Barths (2003)<\/li>\n<li>Dr. Beate M\u00fcller: &#8220;The Body of God\u201d. Sallie McFagues \u00f6kologisch-konstruktivistische Embodiment-Theologie (2001)<\/li>\n<li>Dr. Nina-Dorothee M\u00fctzlitz: Die Paulus-Rezeption bei Karl Barth (2012)<\/li>\n<li>Dr. David Myung-Sun Moon (S\u00fcdkorea): Geist und Glaube bei Johannes Calvin (2008)<\/li>\n<li>Dr. Daniel Munteanu (Rum\u00e4nien): Die Pneumatologien Moltmanns und Staniloaes (2002)<\/li>\n<li>Dr. Waihan Ng (Hong-Kong): Die Leidenschaft der Liebe. Schelers Liebesbegriff als eine Antwort auf Nietzsches Kritik an der christlichen Moral und seine soteriologische Bedeutung (2008)<\/li>\n<li>Dr. Diederik\u00a0 Noordveld (Niederlande): Des Menschen Zeit. Karl Barth und die Menschlichkeit als Zeitlichkeit (2012)<\/li>\n<li>Dr. Sung-Hyun Oh (S\u00fcdkorea): Die Schleiermacher-Rezeption Barths (2004)<\/li>\n<li>Dr. Frederike van Oorschot: Public Theology by Max Stackhouse (2013)<\/li>\n<li>Dr. Xutong Qu\u00a0(China): \u201eGoethe und kein Ende\u201c. Eine historische und systematische Untersuchung zur Goethe-Rezeption Karl Barths 1906-1921.\u00a0 (2013)<\/li>\n<li>Dr. Tantelinirina Christian Eric Rakotoniera (Madagaskar): Die Beitr\u00e4ge der madagassischen Propheten f\u00fcr die Verwirklichung der Kirchengemeinschaft (2007)<\/li>\n<li>Dr. Hanna Reichel: Theologie als Bekenntnis. Karl Barth und der Heidelberger Katechismus (2013)<\/li>\n<li>Dr. Thomas Renkert: Zeit und Ewigkeit in der Theologie Wolfhart Pannenbergs (2014)<\/li>\n<li>Dr. Gol Rim (S\u00fcdkorea): Gottes Wort, Verk\u00fcndigung und Kirche. Die systematisch-theologischen Grundlagen der Theologie Eduard Thurneysens (1996)<\/li>\n<li>Dr. Tabea R\u00f6sler: Paul Tillichs vieldimensionale Anthropologie. Von der Cartesianischen Vernunft zur lebendigen Person (2010)<\/li>\n<li>Dr. Dorette Katharine Seibert: &#8220;Die Denkungsart als lebendiges Resultat der eigenen Geschichte ansehen &#8230;&#8221; Herrnhuterische Motive in Schleiermachers Theorieentwicklung (1788-1796) untersucht an seinem Verst\u00e4ndnis von Erfahrung und Gemeinschaft (2001)<\/li>\n<li>Dr. Shu-Ying Shih (Taiwan): The Development of Calvin\u2019s Understanding of the Imago Dei in the Institutes of the Christian Religion from 1536 to 1559 (2004)<\/li>\n<li>Dr. Joon Ho Shin (S\u00fcdkorea): Die Lehre vom Heiligen Geist in Karl Barths Kirchlicher Dogmatik (1997)<\/li>\n<li>Dr. Heike Springhart: Die Bedeutung der Religion in der Re-Education der Deutschen nach 1945 (2007)<\/li>\n<li>Dr. Dr. G\u00fcnter Thomas: Medien-Ritual-Religion. Theologische und sozialwissenschaftliche Untersuchungen zur religi\u00f6sen Funktion des Fernsehens (1996)<\/li>\n<li>Dr. Stephan von Twardowski: Der Friede Christi und die <i>eine\u00a0<\/i>Kirche. Zur ekklesiologischen Grundlegung der \u00f6kumenischen Ethik Dietrich Bonhoeffers (2018)<\/li>\n<li>Dr. Nigel Willis (S\u00fcdafrika): The nature and work of the spirit: a contribution to understanding by contemporary american pentecostal scholars (2012)<\/li>\n<\/ul>\n<h3 id=\"anker_AbgeschlosseneHabilitati\">Completed\u00a0Habilitations<\/h3>\n<hr \/>\n<ul>\n<li>Dr. Sigrid Brandt: Opfer als Ged\u00e4chtnis. Zur Kritik und Neukonturierung theologischer Rede von Opfer (1997)<\/li>\n<li>Dr. Fernando Enns: Gerechtigkeit &#8211; im Horizont der Rede vom Gericht Gottes (2011)<\/li>\n<li>Dr. Gregor Etzelm\u00fcller: Der Pluralismus gottesdienstlicher Liturgien und seine weltweite kulturelle Bindekraft (2009)<\/li>\n<li>Dr. Dr. Andreas Sch\u00fcle: Kanon und Kultur (abgeschl. in Z\u00fcrich)<\/li>\n<li>Dr. Heike Springhart: Der verwundbare Mensch. Sterben, Tod und Endlichkeit im Horizont einer realistischen Anthropologie (2015)<\/li>\n<li>Dr. Dr. G\u00fcnter Thomas:\u00a0 Neusch\u00f6pfung (2004)<\/li>\n<\/ul>\n<\/div><div class=\"fusion-clearfix\"><\/div><\/div><\/div><\/div><\/div>\n","protected":false},"excerpt":{"rendered":"","protected":false},"author":1,"featured_media":0,"parent":0,"menu_order":0,"comment_status":"closed","ping_status":"closed","template":"","meta":{"footnotes":""},"class_list":["post-2148","page","type-page","status-publish","hentry"],"jetpack_sharing_enabled":true,"_links":{"self":[{"href":"https:\/\/michael-welker.com\/en\/wp-json\/wp\/v2\/pages\/2148","targetHints":{"allow":["GET"]}}],"collection":[{"href":"https:\/\/michael-welker.com\/en\/wp-json\/wp\/v2\/pages"}],"about":[{"href":"https:\/\/michael-welker.com\/en\/wp-json\/wp\/v2\/types\/page"}],"author":[{"embeddable":true,"href":"https:\/\/michael-welker.com\/en\/wp-json\/wp\/v2\/users\/1"}],"replies":[{"embeddable":true,"href":"https:\/\/michael-welker.com\/en\/wp-json\/wp\/v2\/comments?post=2148"}],"version-history":[{"count":0,"href":"https:\/\/michael-welker.com\/en\/wp-json\/wp\/v2\/pages\/2148\/revisions"}],"wp:attachment":[{"href":"https:\/\/michael-welker.com\/en\/wp-json\/wp\/v2\/media?parent=2148"}],"curies":[{"name":"wp","href":"https:\/\/api.w.org\/{rel}","templated":true}]}}